{"id":7251,"date":"2020-09-20T01:39:40","date_gmt":"2020-09-20T01:39:40","guid":{"rendered":"http:\/\/192.99.104.149\/~tibiapedia\/home\/"},"modified":"2024-05-28T17:51:45","modified_gmt":"2024-05-28T15:51:45","slug":"home","status":"publish","type":"page","link":"https:\/\/tibiapedia.com\/en\/","title":{"rendered":"Home"},"content":{"rendered":"<p>Drome Rotation<br \/>\n\t\t\t D\u00edas Horas Minutos Segundos<br \/>\n\t\t\t\t\tThe date will be updated soon.<br \/>\n\t\t\t\t\t\t\t\t\t\t\t\t\t<img decoding=\"async\" width=\"395\" height=\"114\" src=\"https:\/\/tibiapedia.com\/wp-content\/uploads\/2024\/02\/tibiadrome.png\" alt=\"\" srcset=\"https:\/\/tibiapedia.com\/wp-content\/uploads\/2024\/02\/tibiadrome.png 395w, https:\/\/tibiapedia.com\/wp-content\/uploads\/2024\/02\/tibiadrome-300x87.png 300w\" sizes=\"(max-width: 395px) 100vw, 395px\" \/><br \/>\n\t\t\tWhere is Rashid today?\t\t<\/p>\n<style>\n    \/* Puedes personalizar el estilo seg\u00fan tus necesidades *\/\n    #widget-container {\n      text-align: center;\n      font-family: Arial, sans-serif;\n      padding: 20px;\n    }\n    #imagen-dia {\n      border-radius: 8px; \/* Agrega borde redondeado a la imagen *\/\n    }\n  <\/style>\n<p>    <img decoding=\"async\" id=\"imagen-dia\" src=\"\" alt=\"Picture of the Day\"><br \/>\n\t\t\tPicture of the Week\t\t<\/p>\n<figure>\n\t\t\t\t\t\t\t\t\t\t\t<a href=\"https:\/\/tibiapedia.com\/wp-content\/uploads\/2024\/05\/Falcon-Greaves-Drop.png\" data-elementor-open-lightbox=\"yes\" data-elementor-lightbox-title=\"Falcon-Greaves-Drop\" data-e-action-hash=\"#elementor-action%3Aaction%3Dlightbox%26settings%3DeyJpZCI6MjcwNjcsInVybCI6Imh0dHBzOlwvXC90aWJpYXBlZGlhLmNvbVwvd3AtY29udGVudFwvdXBsb2Fkc1wvMjAyNFwvMDVcL0ZhbGNvbi1HcmVhdmVzLURyb3AucG5nIn0%3D\"><br \/>\n\t\t\t\t\t\t\t<img fetchpriority=\"high\" decoding=\"async\" width=\"609\" height=\"445\" src=\"https:\/\/tibiapedia.com\/wp-content\/uploads\/2024\/05\/Falcon-Greaves-Drop.png\" alt=\"\" srcset=\"https:\/\/tibiapedia.com\/wp-content\/uploads\/2024\/05\/Falcon-Greaves-Drop.png 609w, https:\/\/tibiapedia.com\/wp-content\/uploads\/2024\/05\/Falcon-Greaves-Drop-300x219.png 300w\" sizes=\"(max-width: 609px) 100vw, 609px\" \/>\t\t\t\t\t\t\t\t<\/a><figcaption><\/figcaption><\/figure>\n<p>\t\t\tNews Ticker\t\t<\/p>\n<ul>\n<li data-dce-post-id=\"25842\" data-dce-post-index=\"0\" >\n\t\t\tNews Ticker: Febrero 15, 2024\t\t<\/p>\n<p>Debido a trabajos de mantenimiento t\u00e9cnico, nuestro sistema de tickets de atenci\u00f3n al cliente no estar\u00e1 disponible temporalmente hoy, desde las 16:00 CET hasta las 20:00 CET aproximadamente.<\/p>\n<\/li>\n<li data-dce-post-id=\"25841\" data-dce-post-index=\"1\" >\n\t\t\tNews Ticker: Febrero 15, 2024\t\t<\/p>\n<p>\u00bfCrees que una captura de pantalla es simplemente una captura de pantalla? \u00bfNada en lo que puedas influir? Bueno, eso no es del todo cierto. Echa un vistazo a la gu\u00eda Quality Screenshots en TibiaDecorations.com para aprender sobre formatos de imagen, ajustes gr\u00e1ficos y efectos de luz, por ejemplo.<\/p>\n<\/li>\n<li data-dce-post-id=\"25840\" data-dce-post-index=\"2\" >\n\t\t\tNews Ticker: Febrero 14, 2024\t\t<\/p>\n<p>TibiaDuality.com ha publicado dos nuevas Tibiografias. Para el dia de San Valentin, han hablado con dos parejas Tibianas. Una entrevista te presentara a una pareja conocida por ser streamers. La otra entrevista fue con una pareja que es conocida en Instagram. \u00a1Ambas entrevistas est\u00e1n disponibles en espa\u00f1ol, portugu\u00e9s e ingl\u00e9s!<\/p>\n<\/li>\n<li data-dce-post-id=\"25839\" data-dce-post-index=\"3\" >\n\t\t\tNewsTicker: Febrero 14, 2024\t\t<\/p>\n<p>Los nuevos mundos de juego Zephyra (EU), Ulera (NA) y Yubra (SA) ya est\u00e1n en funcionamiento. Tal y como se anunci\u00f3, est\u00e1n bloqueados para transferencias de mundos de personajes durante un tiempo considerable. Adem\u00e1s, s\u00f3lo las cuentas Premium pueden jugar all\u00ed por el momento. \u00a1Divi\u00e9rtanse!<\/p>\n<\/li>\n<li data-dce-post-id=\"25838\" data-dce-post-index=\"4\" >\n\t\t\tNews Ticker: Febrero 14, 2024\t\t<\/p>\n<p>Tras el guardado de servidor de hoy, puedes visitar a Valentina en Greenshore y comprarle unos bonitos regalos de San Valent\u00edn. Demuestra a tus seres queridos que piensas en ellos y sorpr\u00e9ndelos con una mochila de coraz\u00f3n o una tarta de San Valent\u00edn, por ejemplo.<\/p>\n<\/li>\n<\/ul>\n<p>\t\t\tJoin our Discord<br \/>\n\t\t\t<iframe src=\"https:\/\/discord.com\/widget?id=612714865819254942&amp;theme=dark\" width=\"350\" height=\"355\" allowtransparency=\"true\" frameborder=\"0\" sandbox=\"allow-popups allow-popups-to-escape-sandbox allow-same-origin allow-scripts\"><\/iframe>\t\t<\/p>\n<ul>\n<li\n\t\t\t\t\t\t\t\tdata-term=\"63\">Noticias Oficiales<\/li>\n<li data-term=\"67\">Noticias Tibiapedia<\/li>\n<li data-term=\"64\">Guias<\/li>\n<\/ul>\n<p>\t\t\t\t\t\t\t\t\t\t\t\t\t\t\t\t\t\t\t<a href=\"https:\/\/tibiapedia.com\/locura-a-base-de-hierbas\/\"\n\t\t\t\t\t\t\t\t\t\t  ><br \/>\n\t\t\t\t\t\t\t\t\t\t\t<img width=\"500\" height=\"315\" src=\"https:\/\/tibiapedia.com\/wp-content\/uploads\/2024\/05\/Locura-a-base-de-hierbas.png\" alt=\"\" decoding=\"async\" srcset=\"https:\/\/tibiapedia.com\/wp-content\/uploads\/2024\/05\/Locura-a-base-de-hierbas.png 500w, https:\/\/tibiapedia.com\/wp-content\/uploads\/2024\/05\/Locura-a-base-de-hierbas-300x189.png 300w\" sizes=\"(max-width: 500px) 100vw, 500px\" \/>\t\t\t\t\t\t\t\t\t\t<\/a><\/p>\n<h2><a href=\"https:\/\/tibiapedia.com\/locura-a-base-de-hierbas\/\">Locura a base de hierbas<\/a><\/h2>\n<p>\t\t\t\t\t\t\t\t\t\t\t\t\t\t<a href=\"https:\/\/tibiapedia.com\/2024\/05\/28\/\"><br \/>\n\t\t\t\t\t\t\t\t\t\t\t\t\t\tmayo 28, 2024\t\t\t\t\t\t\t\t\t\t\t\t\t\t<\/a><br \/>\n\t\t\t\t\t\t\t\t\t\t\t\t\t\t\t\t\t\t\t<a href=\"https:\/\/tibiapedia.com\/equilibrar-los-cambios-del-proyecto-parte-vii\/\"\n\t\t\t\t\t\t\t\t\t\t  ><br \/>\n\t\t\t\t\t\t\t\t\t\t\t<img loading=\"lazy\" width=\"500\" height=\"315\" src=\"https:\/\/tibiapedia.com\/wp-content\/uploads\/2024\/03\/Equilibrio2.png\" alt=\"\" decoding=\"async\" srcset=\"https:\/\/tibiapedia.com\/wp-content\/uploads\/2024\/03\/Equilibrio2.png 500w, https:\/\/tibiapedia.com\/wp-content\/uploads\/2024\/03\/Equilibrio2-300x189.png 300w\" sizes=\"(max-width: 500px) 100vw, 500px\" \/>\t\t\t\t\t\t\t\t\t\t<\/a><\/p>\n<h2><a href=\"https:\/\/tibiapedia.com\/equilibrar-los-cambios-del-proyecto-parte-vii\/\">Equilibrar los cambios del proyecto Parte VII<\/a><\/h2>\n<p>\t\t\t\t\t\t\t\t\t\t\t\t\t\t<a href=\"https:\/\/tibiapedia.com\/2024\/05\/28\/\"><br \/>\n\t\t\t\t\t\t\t\t\t\t\t\t\t\tmayo 28, 2024\t\t\t\t\t\t\t\t\t\t\t\t\t\t<\/a><br \/>\n\t\t\t\t\t\t\t\t\t\t\t\t\t\t\t\t\t\t\t<a href=\"https:\/\/tibiapedia.com\/en-el-pozo-del-alma\/\"\n\t\t\t\t\t\t\t\t\t\t  ><br \/>\n\t\t\t\t\t\t\t\t\t\t\t<img loading=\"lazy\" width=\"500\" height=\"315\" src=\"https:\/\/tibiapedia.com\/wp-content\/uploads\/2024\/05\/En-el-pozo-del-alma.png\" alt=\"\" decoding=\"async\" srcset=\"https:\/\/tibiapedia.com\/wp-content\/uploads\/2024\/05\/En-el-pozo-del-alma.png 500w, https:\/\/tibiapedia.com\/wp-content\/uploads\/2024\/05\/En-el-pozo-del-alma-300x189.png 300w\" sizes=\"(max-width: 500px) 100vw, 500px\" \/>\t\t\t\t\t\t\t\t\t\t<\/a><\/p>\n<h2><a href=\"https:\/\/tibiapedia.com\/en-el-pozo-del-alma\/\">En el pozo del alma<\/a><\/h2>\n<p>\t\t\t\t\t\t\t\t\t\t\t\t\t\t<a href=\"https:\/\/tibiapedia.com\/2024\/05\/24\/\"><br \/>\n\t\t\t\t\t\t\t\t\t\t\t\t\t\tmayo 24, 2024\t\t\t\t\t\t\t\t\t\t\t\t\t\t<\/a><br \/>\n\t\t\t\t\t\t\t\t\t\t\t\t\t\t\t\t\t\t\t<a href=\"https:\/\/tibiapedia.com\/malicia-en-el-pais-de-las-maravillas\/\"\n\t\t\t\t\t\t\t\t\t\t  ><br \/>\n\t\t\t\t\t\t\t\t\t\t\t<img loading=\"lazy\" width=\"500\" height=\"315\" src=\"https:\/\/tibiapedia.com\/wp-content\/uploads\/2024\/05\/Malicia-en-el-pais-de-las-maravillas.png\" alt=\"\" decoding=\"async\" srcset=\"https:\/\/tibiapedia.com\/wp-content\/uploads\/2024\/05\/Malicia-en-el-pais-de-las-maravillas.png 500w, https:\/\/tibiapedia.com\/wp-content\/uploads\/2024\/05\/Malicia-en-el-pais-de-las-maravillas-300x189.png 300w\" sizes=\"(max-width: 500px) 100vw, 500px\" \/>\t\t\t\t\t\t\t\t\t\t<\/a><\/p>\n<h2><a href=\"https:\/\/tibiapedia.com\/malicia-en-el-pais-de-las-maravillas\/\">Malicia en el pa\u00eds de las maravillas<\/a><\/h2>\n<p>\t\t\t\t\t\t\t\t\t\t\t\t\t\t<a href=\"https:\/\/tibiapedia.com\/2024\/05\/22\/\"><br \/>\n\t\t\t\t\t\t\t\t\t\t\t\t\t\tmayo 22, 2024\t\t\t\t\t\t\t\t\t\t\t\t\t\t<\/a><br \/>\n\t\t\t\t\t\t\t\t\t\t\t\t\t\t\t\t\t\t\t<a href=\"https:\/\/tibiapedia.com\/ajuste-a-la-informacion-del-efecto-de-aumento\/\"\n\t\t\t\t\t\t\t\t\t\t  ><br \/>\n\t\t\t\t\t\t\t\t\t\t\t<img loading=\"lazy\" width=\"500\" height=\"315\" src=\"https:\/\/tibiapedia.com\/wp-content\/uploads\/2024\/05\/Ajuste-a-la-informacion-del-efecto-de-aumento.png\" alt=\"\" decoding=\"async\" srcset=\"https:\/\/tibiapedia.com\/wp-content\/uploads\/2024\/05\/Ajuste-a-la-informacion-del-efecto-de-aumento.png 500w, https:\/\/tibiapedia.com\/wp-content\/uploads\/2024\/05\/Ajuste-a-la-informacion-del-efecto-de-aumento-300x189.png 300w\" sizes=\"(max-width: 500px) 100vw, 500px\" \/>\t\t\t\t\t\t\t\t\t\t<\/a><\/p>\n<h2><a href=\"https:\/\/tibiapedia.com\/ajuste-a-la-informacion-del-efecto-de-aumento\/\">Ajuste a la informaci\u00f3n del efecto de aumento<\/a><\/h2>\n<p>\t\t\t\t\t\t\t\t\t\t\t\t\t\t<a href=\"https:\/\/tibiapedia.com\/2024\/05\/18\/\"><br \/>\n\t\t\t\t\t\t\t\t\t\t\t\t\t\tmayo 18, 2024\t\t\t\t\t\t\t\t\t\t\t\t\t\t<\/a><br \/>\n\t\t\t\t\t\t\t\t\t\t\t\t\t\t\t\t\t\t\t<a href=\"https:\/\/tibiapedia.com\/nuevas-monturas-y-atuendo\/\"\n\t\t\t\t\t\t\t\t\t\t  ><br \/>\n\t\t\t\t\t\t\t\t\t\t\t<img loading=\"lazy\" width=\"500\" height=\"315\" src=\"https:\/\/tibiapedia.com\/wp-content\/uploads\/2024\/05\/Nuevas-monturas-y-atuendo.png\" alt=\"\" decoding=\"async\" srcset=\"https:\/\/tibiapedia.com\/wp-content\/uploads\/2024\/05\/Nuevas-monturas-y-atuendo.png 500w, https:\/\/tibiapedia.com\/wp-content\/uploads\/2024\/05\/Nuevas-monturas-y-atuendo-300x189.png 300w\" sizes=\"(max-width: 500px) 100vw, 500px\" \/>\t\t\t\t\t\t\t\t\t\t<\/a><\/p>\n<h2><a href=\"https:\/\/tibiapedia.com\/nuevas-monturas-y-atuendo\/\">Nuevas monturas y atuendo<\/a><\/h2>\n<p>\t\t\t\t\t\t\t\t\t\t\t\t\t\t<a href=\"https:\/\/tibiapedia.com\/2024\/05\/18\/\"><br \/>\n\t\t\t\t\t\t\t\t\t\t\t\t\t\tmayo 18, 2024\t\t\t\t\t\t\t\t\t\t\t\t\t\t<\/a><br \/>\n\t\t\t\t\t\t\t\t\t\t\t\t\t\t\t\t\t\t\t<a href=\"https:\/\/tibiapedia.com\/equilibrar-los-cambios-del-proyecto-parte-vi\/\"\n\t\t\t\t\t\t\t\t\t\t  ><br \/>\n\t\t\t\t\t\t\t\t\t\t\t<img loading=\"lazy\" width=\"500\" height=\"315\" src=\"https:\/\/tibiapedia.com\/wp-content\/uploads\/2024\/03\/Equilibrio2.png\" alt=\"\" decoding=\"async\" srcset=\"https:\/\/tibiapedia.com\/wp-content\/uploads\/2024\/03\/Equilibrio2.png 500w, https:\/\/tibiapedia.com\/wp-content\/uploads\/2024\/03\/Equilibrio2-300x189.png 300w\" sizes=\"(max-width: 500px) 100vw, 500px\" \/>\t\t\t\t\t\t\t\t\t\t<\/a><\/p>\n<h2><a href=\"https:\/\/tibiapedia.com\/equilibrar-los-cambios-del-proyecto-parte-vi\/\">Equilibrar los cambios del proyecto Parte VI<\/a><\/h2>\n<p>\t\t\t\t\t\t\t\t\t\t\t\t\t\t<a href=\"https:\/\/tibiapedia.com\/2024\/05\/14\/\"><br \/>\n\t\t\t\t\t\t\t\t\t\t\t\t\t\tmayo 14, 2024\t\t\t\t\t\t\t\t\t\t\t\t\t\t<\/a><br \/>\n\t\t\t\t\t\t\t\t\t\t\t\t\t\t\t\t\t\t\t<a href=\"https:\/\/tibiapedia.com\/nuevos-mundos-de-juego-pvp-abiertos\/\"\n\t\t\t\t\t\t\t\t\t\t  ><br \/>\n\t\t\t\t\t\t\t\t\t\t\t<img loading=\"lazy\" width=\"500\" height=\"315\" src=\"https:\/\/tibiapedia.com\/wp-content\/uploads\/2024\/05\/Nuevos-mundos-de-juego-PvP-abiertos.png\" alt=\"\" decoding=\"async\" srcset=\"https:\/\/tibiapedia.com\/wp-content\/uploads\/2024\/05\/Nuevos-mundos-de-juego-PvP-abiertos.png 500w, https:\/\/tibiapedia.com\/wp-content\/uploads\/2024\/05\/Nuevos-mundos-de-juego-PvP-abiertos-300x189.png 300w\" sizes=\"(max-width: 500px) 100vw, 500px\" \/>\t\t\t\t\t\t\t\t\t\t<\/a><\/p>\n<h2><a href=\"https:\/\/tibiapedia.com\/nuevos-mundos-de-juego-pvp-abiertos\/\">Nuevos mundos de juego PvP abiertos<\/a><\/h2>\n<p>\t\t\t\t\t\t\t\t\t\t\t\t\t\t<a href=\"https:\/\/tibiapedia.com\/2024\/05\/10\/\"><br \/>\n\t\t\t\t\t\t\t\t\t\t\t\t\t\tmayo 10, 2024\t\t\t\t\t\t\t\t\t\t\t\t\t\t<\/a><br \/>\n\t\t\t\t\t\t\t\t\t\t\t\t\t\t\t\t\t\t\t<a href=\"https:\/\/tibiapedia.com\/demons-lullaby-3\/\"\n\t\t\t\t\t\t\t\t\t\t  ><br \/>\n\t\t\t\t\t\t\t\t\t\t\t<img loading=\"lazy\" width=\"500\" height=\"315\" src=\"https:\/\/tibiapedia.com\/wp-content\/uploads\/2024\/05\/demon_lullaby.png\" alt=\"\" decoding=\"async\" srcset=\"https:\/\/tibiapedia.com\/wp-content\/uploads\/2024\/05\/demon_lullaby.png 500w, https:\/\/tibiapedia.com\/wp-content\/uploads\/2024\/05\/demon_lullaby-300x189.png 300w\" sizes=\"(max-width: 500px) 100vw, 500px\" \/>\t\t\t\t\t\t\t\t\t\t<\/a><\/p>\n<h2><a href=\"https:\/\/tibiapedia.com\/demons-lullaby-3\/\">Demon&#039;s Lullaby<\/a><\/h2>\n<p>\t\t\t\t\t\t\t\t\t\t\t\t\t\t<a href=\"https:\/\/tibiapedia.com\/2024\/05\/07\/\"><br \/>\n\t\t\t\t\t\t\t\t\t\t\t\t\t\tmayo 7, 2024\t\t\t\t\t\t\t\t\t\t\t\t\t\t<\/a><\/p>\n","protected":false},"excerpt":{"rendered":"<p>Drome Rotation D\u00edas Horas Minutos Segundos The date will be updated soon. Where is Rashid today? Picture of the Week News Ticker News Ticker: Febrero 15, 2024 Debido a trabajos de mantenimiento t\u00e9cnico, nuestro sistema de tickets de atenci\u00f3n al cliente no estar\u00e1 disponible temporalmente hoy, desde las 16:00 CET hasta las 20:00 CET aproximadamente. [&hellip;]<\/p>\n","protected":false},"author":1,"featured_media":0,"parent":0,"menu_order":0,"comment_status":"closed","ping_status":"closed","template":"","meta":{"_acf_changed":false,"site-sidebar-layout":"no-sidebar","site-content-layout":"page-builder","ast-site-content-layout":"full-width-container","site-content-style":"unboxed","site-sidebar-style":"unboxed","ast-global-header-display":"","ast-banner-title-visibility":"","ast-main-header-display":"disabled","ast-hfb-above-header-display":"","ast-hfb-below-header-display":"","ast-hfb-mobile-header-display":"","site-post-title":"disabled","ast-breadcrumbs-content":"","ast-featured-img":"","footer-sml-layout":"","ast-disable-related-posts":"","theme-transparent-header-meta":"enabled","adv-header-id-meta":null,"stick-header-meta":null,"header-above-stick-meta":null,"header-main-stick-meta":null,"header-below-stick-meta":null,"astra-migrate-meta-layouts":"default","ast-page-background-enabled":"default","ast-page-background-meta":{"desktop":{"background-color":"","background-image":"","background-repeat":"repeat","background-position":"center center","background-size":"auto","background-attachment":"scroll","background-type":"","background-media":"","overlay-type":"","overlay-color":"","overlay-opacity":"","overlay-gradient":""},"tablet":{"background-color":"","background-image":"","background-repeat":"repeat","background-position":"center center","background-size":"auto","background-attachment":"scroll","background-type":"","background-media":"","overlay-type":"","overlay-color":"","overlay-opacity":"","overlay-gradient":""},"mobile":{"background-color":"","background-image":"","background-repeat":"repeat","background-position":"center center","background-size":"auto","background-attachment":"scroll","background-type":"","background-media":"","overlay-type":"","overlay-color":"","overlay-opacity":"","overlay-gradient":""}},"ast-content-background-meta":{"desktop":{"background-color":"var(--ast-global-color-5)","background-image":"","background-repeat":"repeat","background-position":"center center","background-size":"auto","background-attachment":"scroll","background-type":"","background-media":"","overlay-type":"","overlay-color":"","overlay-opacity":"","overlay-gradient":""},"tablet":{"background-color":"var(--ast-global-color-5)","background-image":"","background-repeat":"repeat","background-position":"center center","background-size":"auto","background-attachment":"scroll","background-type":"","background-media":"","overlay-type":"","overlay-color":"","overlay-opacity":"","overlay-gradient":""},"mobile":{"background-color":"var(--ast-global-color-5)","background-image":"","background-repeat":"repeat","background-position":"center center","background-size":"auto","background-attachment":"scroll","background-type":"","background-media":"","overlay-type":"","overlay-color":"","overlay-opacity":"","overlay-gradient":""}},"footnotes":""},"class_list":["post-7251","page","type-page","status-publish","hentry"],"acf":[],"yoast_head":"<!-- This site is optimized with the Yoast SEO plugin v26.9 - https:\/\/yoast.com\/product\/yoast-seo-wordpress\/ -->\n<title>Tibiapedia - Official Tibia Fansite<\/title>\n<meta name=\"description\" content=\"We are official fansite of Tibia, on our website you will find guides, articles, news, information and tools for tibia, visit us.\" \/>\n<meta name=\"robots\" content=\"index, follow, max-snippet:-1, max-image-preview:large, max-video-preview:-1\" \/>\n<link rel=\"canonical\" href=\"https:\/\/tibiapedia.com\/en\/\" \/>\n<meta name=\"twitter:label1\" content=\"Est. reading time\" \/>\n\t<meta name=\"twitter:data1\" content=\"2 minutes\" \/>\n<script type=\"application\/ld+json\" class=\"yoast-schema-graph\">{\"@context\":\"https:\/\/schema.org\",\"@graph\":[{\"@type\":\"WebPage\",\"@id\":\"https:\/\/tibiapedia.com\/en\/\",\"url\":\"https:\/\/tibiapedia.com\/en\/\",\"name\":\"Tibiapedia - Official Tibia Fansite\",\"isPartOf\":{\"@id\":\"https:\/\/tibiapedia.com\/en\/#website\"},\"primaryImageOfPage\":{\"@id\":\"https:\/\/tibiapedia.com\/en\/#primaryimage\"},\"image\":{\"@id\":\"https:\/\/tibiapedia.com\/en\/#primaryimage\"},\"thumbnailUrl\":\"https:\/\/tibiapedia.com\/wp-content\/uploads\/2024\/02\/tibiadrome.png\",\"datePublished\":\"2020-09-20T01:39:40+00:00\",\"dateModified\":\"2024-05-28T15:51:45+00:00\",\"description\":\"We are official fansite of Tibia, on our website you will find guides, articles, news, information and tools for tibia, visit us.\",\"breadcrumb\":{\"@id\":\"https:\/\/tibiapedia.com\/en\/#breadcrumb\"},\"inLanguage\":\"en-US\",\"potentialAction\":[{\"@type\":\"ReadAction\",\"target\":[\"https:\/\/tibiapedia.com\/en\/\"]}]},{\"@type\":\"ImageObject\",\"inLanguage\":\"en-US\",\"@id\":\"https:\/\/tibiapedia.com\/en\/#primaryimage\",\"url\":\"https:\/\/tibiapedia.com\/wp-content\/uploads\/2024\/02\/tibiadrome.png\",\"contentUrl\":\"https:\/\/tibiapedia.com\/wp-content\/uploads\/2024\/02\/tibiadrome.png\"},{\"@type\":\"BreadcrumbList\",\"@id\":\"https:\/\/tibiapedia.com\/en\/#breadcrumb\",\"itemListElement\":[{\"@type\":\"ListItem\",\"position\":1,\"name\":\"Portada\",\"item\":\"https:\/\/tibiapedia.com\/en\/\"},{\"@type\":\"ListItem\",\"position\":2,\"name\":\"Home\"}]},{\"@type\":\"WebSite\",\"@id\":\"https:\/\/tibiapedia.com\/en\/#website\",\"url\":\"https:\/\/tibiapedia.com\/en\/\",\"name\":\"TibiaPedia\",\"description\":\"Fansite de Tibia en Espa\u00f1ol\",\"publisher\":{\"@id\":\"https:\/\/tibiapedia.com\/en\/#organization\"},\"potentialAction\":[{\"@type\":\"SearchAction\",\"target\":{\"@type\":\"EntryPoint\",\"urlTemplate\":\"https:\/\/tibiapedia.com\/en\/?s={search_term_string}\"},\"query-input\":{\"@type\":\"PropertyValueSpecification\",\"valueRequired\":true,\"valueName\":\"search_term_string\"}}],\"inLanguage\":\"en-US\"},{\"@type\":\"Organization\",\"@id\":\"https:\/\/tibiapedia.com\/en\/#organization\",\"name\":\"Tibiapedia\",\"url\":\"https:\/\/tibiapedia.com\/en\/\",\"logo\":{\"@type\":\"ImageObject\",\"inLanguage\":\"en-US\",\"@id\":\"https:\/\/tibiapedia.com\/en\/#\/schema\/logo\/image\/\",\"url\":\"https:\/\/tibiapedia.com\/wp-content\/uploads\/2021\/02\/logofinal-300x147-3.png\",\"contentUrl\":\"https:\/\/tibiapedia.com\/wp-content\/uploads\/2021\/02\/logofinal-300x147-3.png\",\"width\":300,\"height\":147,\"caption\":\"Tibiapedia\"},\"image\":{\"@id\":\"https:\/\/tibiapedia.com\/en\/#\/schema\/logo\/image\/\"},\"sameAs\":[\"https:\/\/www.facebook.com\/tibiapediafansite\/\"]}]}<\/script>\n<!-- \/ Yoast SEO plugin. -->","yoast_head_json":{"title":"Tibiapedia - Official Tibia Fansite","description":"We are official fansite of Tibia, on our website you will find guides, articles, news, information and tools for tibia, visit us.","robots":{"index":"index","follow":"follow","max-snippet":"max-snippet:-1","max-image-preview":"max-image-preview:large","max-video-preview":"max-video-preview:-1"},"canonical":"https:\/\/tibiapedia.com\/en\/","twitter_misc":{"Est. reading time":"2 minutes"},"schema":{"@context":"https:\/\/schema.org","@graph":[{"@type":"WebPage","@id":"https:\/\/tibiapedia.com\/en\/","url":"https:\/\/tibiapedia.com\/en\/","name":"Tibiapedia - Official Tibia Fansite","isPartOf":{"@id":"https:\/\/tibiapedia.com\/en\/#website"},"primaryImageOfPage":{"@id":"https:\/\/tibiapedia.com\/en\/#primaryimage"},"image":{"@id":"https:\/\/tibiapedia.com\/en\/#primaryimage"},"thumbnailUrl":"https:\/\/tibiapedia.com\/wp-content\/uploads\/2024\/02\/tibiadrome.png","datePublished":"2020-09-20T01:39:40+00:00","dateModified":"2024-05-28T15:51:45+00:00","description":"We are official fansite of Tibia, on our website you will find guides, articles, news, information and tools for tibia, visit us.","breadcrumb":{"@id":"https:\/\/tibiapedia.com\/en\/#breadcrumb"},"inLanguage":"en-US","potentialAction":[{"@type":"ReadAction","target":["https:\/\/tibiapedia.com\/en\/"]}]},{"@type":"ImageObject","inLanguage":"en-US","@id":"https:\/\/tibiapedia.com\/en\/#primaryimage","url":"https:\/\/tibiapedia.com\/wp-content\/uploads\/2024\/02\/tibiadrome.png","contentUrl":"https:\/\/tibiapedia.com\/wp-content\/uploads\/2024\/02\/tibiadrome.png"},{"@type":"BreadcrumbList","@id":"https:\/\/tibiapedia.com\/en\/#breadcrumb","itemListElement":[{"@type":"ListItem","position":1,"name":"Portada","item":"https:\/\/tibiapedia.com\/en\/"},{"@type":"ListItem","position":2,"name":"Home"}]},{"@type":"WebSite","@id":"https:\/\/tibiapedia.com\/en\/#website","url":"https:\/\/tibiapedia.com\/en\/","name":"TibiaPedia","description":"Fansite de Tibia en Espa\u00f1ol","publisher":{"@id":"https:\/\/tibiapedia.com\/en\/#organization"},"potentialAction":[{"@type":"SearchAction","target":{"@type":"EntryPoint","urlTemplate":"https:\/\/tibiapedia.com\/en\/?s={search_term_string}"},"query-input":{"@type":"PropertyValueSpecification","valueRequired":true,"valueName":"search_term_string"}}],"inLanguage":"en-US"},{"@type":"Organization","@id":"https:\/\/tibiapedia.com\/en\/#organization","name":"Tibiapedia","url":"https:\/\/tibiapedia.com\/en\/","logo":{"@type":"ImageObject","inLanguage":"en-US","@id":"https:\/\/tibiapedia.com\/en\/#\/schema\/logo\/image\/","url":"https:\/\/tibiapedia.com\/wp-content\/uploads\/2021\/02\/logofinal-300x147-3.png","contentUrl":"https:\/\/tibiapedia.com\/wp-content\/uploads\/2021\/02\/logofinal-300x147-3.png","width":300,"height":147,"caption":"Tibiapedia"},"image":{"@id":"https:\/\/tibiapedia.com\/en\/#\/schema\/logo\/image\/"},"sameAs":["https:\/\/www.facebook.com\/tibiapediafansite\/"]}]}},"_links":{"self":[{"href":"https:\/\/tibiapedia.com\/en\/wp-json\/wp\/v2\/pages\/7251","targetHints":{"allow":["GET"]}}],"collection":[{"href":"https:\/\/tibiapedia.com\/en\/wp-json\/wp\/v2\/pages"}],"about":[{"href":"https:\/\/tibiapedia.com\/en\/wp-json\/wp\/v2\/types\/page"}],"author":[{"embeddable":true,"href":"https:\/\/tibiapedia.com\/en\/wp-json\/wp\/v2\/users\/1"}],"replies":[{"embeddable":true,"href":"https:\/\/tibiapedia.com\/en\/wp-json\/wp\/v2\/comments?post=7251"}],"version-history":[{"count":0,"href":"https:\/\/tibiapedia.com\/en\/wp-json\/wp\/v2\/pages\/7251\/revisions"}],"wp:attachment":[{"href":"https:\/\/tibiapedia.com\/en\/wp-json\/wp\/v2\/media?parent=7251"}],"curies":[{"name":"wp","href":"https:\/\/api.w.org\/{rel}","templated":true}]}}