{"id":26571,"date":"2024-04-02T10:14:23","date_gmt":"2024-04-02T08:14:23","guid":{"rendered":"https:\/\/tibiapedia.com\/blessings-calculator\/"},"modified":"2024-04-02T10:14:26","modified_gmt":"2024-04-02T08:14:26","slug":"blessings-calculator","status":"publish","type":"page","link":"https:\/\/tibiapedia.com\/en\/blessings-calculator\/","title":{"rendered":"Blessings Calculator"},"content":{"rendered":"<h2>Blessings Calculator<\/h2>\n<p>\t\t\t\t\t\t\t\t\t\t\t\t\t\t<a href=\"https:\/\/wa.me\/message\/A6T5Q5KC4GLXK1\" target=\"_blank\" rel=\"noopener\"><br \/>\n\t\t\t\t\t\t\t<img fetchpriority=\"high\" decoding=\"async\" width=\"653\" height=\"96\" src=\"https:\/\/tibiapedia.com\/wp-content\/uploads\/2020\/01\/BANNER-PSD-LOFICOINS-MX-USA.png\" alt=\"\" srcset=\"https:\/\/tibiapedia.com\/wp-content\/uploads\/2020\/01\/BANNER-PSD-LOFICOINS-MX-USA.png 653w, https:\/\/tibiapedia.com\/wp-content\/uploads\/2020\/01\/BANNER-PSD-LOFICOINS-MX-USA-300x44.png 300w\" sizes=\"(max-width: 653px) 100vw, 653px\" \/>\t\t\t\t\t\t\t\t<\/a><\/p>\n<p>The Blessings Calculator is designed to help you know the estimated cost of the Blessings according to your character level, you just have to enter your level and the Blessings calculator will give you all the information.<\/p>\n<style>\n    .blessings-calculator-table {\n        border-collapse: collapse;\n        width: 100%;\n    }\n    .blessings-calculator-table th, .blessings-calculator-table td {\n        border: 1px solid #ddd;\n        padding: 8px;\n        position: relative;\n    }\n    .blessings-calculator-table th {\n        background-color: #f2f2f2;\n    }\n    .blessings-calculator-table img {\n        width: auto; \/* ajusta el tama\u00f1o seg\u00fan sea necesario *\/\n        max-height: 30px; \/* ajusta el tama\u00f1o m\u00e1ximo seg\u00fan sea necesario *\/\n    }\n    .blessings-calculator-container {\n        margin: 20px auto;\n        text-align: center;\n    }\n    input, button {\n        margin: 10px;\n        padding: 8px;\n    }\n<\/style>\n<p>    <label for=\"nivel\">Enter your level:<\/label><br \/>\n    <input type=\"number\" id=\"nivel\" min=\"1\"><br \/>\n    <button onclick=\"calcularPrecio()\">Calculate<\/button><\/p>\n<table>\n<thead>\n<tr>\n<th>Level<\/th>\n<th>Basic Blessing<\/th>\n<th>Enhanced Blessing<\/th>\n<th>Total Blessings<\/th>\n<th>Blessings with Inqui<\/th>\n<\/tr>\n<\/thead>\n<tbody id=\"resultadoTabla\">\n            <!-- Aqu\u00ed se mostrar\u00e1 el resultado --><br \/>\n        <\/tbody>\n<\/table>\n<p><strong>How it works:<\/strong><\/p>\n<ol>\n<li>Enter your level in the designated field.<\/li>\n<li>Click on &#8220;Calculate&#8221; to get the detailed prices of the blessings.<\/li>\n<li>Easily see the individual cost of each basic and <strong>enhanced<\/strong> blessing, as well as the total of all blessings and their variant with Henricus (Inqui).<\/li>\n<\/ol>\n","protected":false},"excerpt":{"rendered":"<p>Blessings Calculator The Blessings Calculator is designed to help you know the estimated cost of the Blessings according to your character level, you just have to enter your level and the Blessings calculator will give you all the information. Enter your level: Calculate Level Basic Blessing Enhanced Blessing Total Blessings Blessings with Inqui How it [&hellip;]<\/p>\n","protected":false},"author":1,"featured_media":0,"parent":0,"menu_order":0,"comment_status":"closed","ping_status":"closed","template":"","meta":{"_acf_changed":false,"site-sidebar-layout":"no-sidebar","site-content-layout":"page-builder","ast-site-content-layout":"full-width-container","site-content-style":"unboxed","site-sidebar-style":"unboxed","ast-global-header-display":"","ast-banner-title-visibility":"","ast-main-header-display":"","ast-hfb-above-header-display":"","ast-hfb-below-header-display":"","ast-hfb-mobile-header-display":"","site-post-title":"disabled","ast-breadcrumbs-content":"","ast-featured-img":"disabled","footer-sml-layout":"","ast-disable-related-posts":"","theme-transparent-header-meta":"default","adv-header-id-meta":"","stick-header-meta":"","header-above-stick-meta":"","header-main-stick-meta":"","header-below-stick-meta":"","astra-migrate-meta-layouts":"default","ast-page-background-enabled":"default","ast-page-background-meta":{"desktop":{"background-color":"","background-image":"","background-repeat":"repeat","background-position":"center center","background-size":"auto","background-attachment":"scroll","background-type":"","background-media":"","overlay-type":"","overlay-color":"","overlay-opacity":"","overlay-gradient":""},"tablet":{"background-color":"","background-image":"","background-repeat":"repeat","background-position":"center center","background-size":"auto","background-attachment":"scroll","background-type":"","background-media":"","overlay-type":"","overlay-color":"","overlay-opacity":"","overlay-gradient":""},"mobile":{"background-color":"","background-image":"","background-repeat":"repeat","background-position":"center center","background-size":"auto","background-attachment":"scroll","background-type":"","background-media":"","overlay-type":"","overlay-color":"","overlay-opacity":"","overlay-gradient":""}},"ast-content-background-meta":{"desktop":{"background-color":"var(--ast-global-color-5)","background-image":"","background-repeat":"repeat","background-position":"center center","background-size":"auto","background-attachment":"scroll","background-type":"","background-media":"","overlay-type":"","overlay-color":"","overlay-opacity":"","overlay-gradient":""},"tablet":{"background-color":"var(--ast-global-color-5)","background-image":"","background-repeat":"repeat","background-position":"center center","background-size":"auto","background-attachment":"scroll","background-type":"","background-media":"","overlay-type":"","overlay-color":"","overlay-opacity":"","overlay-gradient":""},"mobile":{"background-color":"var(--ast-global-color-5)","background-image":"","background-repeat":"repeat","background-position":"center center","background-size":"auto","background-attachment":"scroll","background-type":"","background-media":"","overlay-type":"","overlay-color":"","overlay-opacity":"","overlay-gradient":""}},"footnotes":""},"class_list":["post-26571","page","type-page","status-publish","hentry"],"acf":[],"yoast_head":"<!-- This site is optimized with the Yoast SEO plugin v26.9 - https:\/\/yoast.com\/product\/yoast-seo-wordpress\/ -->\n<title>Blessings Calculator - TibiaPedia<\/title>\n<meta name=\"description\" content=\"Do you want to know how much blessings will cost you? Now with the new update, we have created a Blessings calculator, visit here.\" \/>\n<meta name=\"robots\" content=\"index, follow, max-snippet:-1, max-image-preview:large, max-video-preview:-1\" \/>\n<link rel=\"canonical\" href=\"https:\/\/tibiapedia.com\/en\/blessings-calculator\/\" \/>\n<script type=\"application\/ld+json\" class=\"yoast-schema-graph\">{\"@context\":\"https:\/\/schema.org\",\"@graph\":[{\"@type\":\"WebPage\",\"@id\":\"https:\/\/tibiapedia.com\/en\/blessings-calculator\/\",\"url\":\"https:\/\/tibiapedia.com\/en\/blessings-calculator\/\",\"name\":\"Blessings Calculator - TibiaPedia\",\"isPartOf\":{\"@id\":\"https:\/\/tibiapedia.com\/en\/#website\"},\"primaryImageOfPage\":{\"@id\":\"https:\/\/tibiapedia.com\/en\/blessings-calculator\/#primaryimage\"},\"image\":{\"@id\":\"https:\/\/tibiapedia.com\/en\/blessings-calculator\/#primaryimage\"},\"thumbnailUrl\":\"https:\/\/tibiapedia.com\/wp-content\/uploads\/2020\/01\/BANNER-PSD-LOFICOINS-MX-USA.png\",\"datePublished\":\"2024-04-02T08:14:23+00:00\",\"dateModified\":\"2024-04-02T08:14:26+00:00\",\"description\":\"Do you want to know how much blessings will cost you? Now with the new update, we have created a Blessings calculator, visit here.\",\"breadcrumb\":{\"@id\":\"https:\/\/tibiapedia.com\/en\/blessings-calculator\/#breadcrumb\"},\"inLanguage\":\"en-US\",\"potentialAction\":[{\"@type\":\"ReadAction\",\"target\":[\"https:\/\/tibiapedia.com\/en\/blessings-calculator\/\"]}]},{\"@type\":\"ImageObject\",\"inLanguage\":\"en-US\",\"@id\":\"https:\/\/tibiapedia.com\/en\/blessings-calculator\/#primaryimage\",\"url\":\"https:\/\/tibiapedia.com\/wp-content\/uploads\/2020\/01\/BANNER-PSD-LOFICOINS-MX-USA.png\",\"contentUrl\":\"https:\/\/tibiapedia.com\/wp-content\/uploads\/2020\/01\/BANNER-PSD-LOFICOINS-MX-USA.png\"},{\"@type\":\"BreadcrumbList\",\"@id\":\"https:\/\/tibiapedia.com\/en\/blessings-calculator\/#breadcrumb\",\"itemListElement\":[{\"@type\":\"ListItem\",\"position\":1,\"name\":\"Portada\",\"item\":\"https:\/\/tibiapedia.com\/en\/\"},{\"@type\":\"ListItem\",\"position\":2,\"name\":\"Blessings Calculator\"}]},{\"@type\":\"WebSite\",\"@id\":\"https:\/\/tibiapedia.com\/en\/#website\",\"url\":\"https:\/\/tibiapedia.com\/en\/\",\"name\":\"TibiaPedia\",\"description\":\"Fansite de Tibia en Espa\u00f1ol\",\"publisher\":{\"@id\":\"https:\/\/tibiapedia.com\/en\/#organization\"},\"potentialAction\":[{\"@type\":\"SearchAction\",\"target\":{\"@type\":\"EntryPoint\",\"urlTemplate\":\"https:\/\/tibiapedia.com\/en\/?s={search_term_string}\"},\"query-input\":{\"@type\":\"PropertyValueSpecification\",\"valueRequired\":true,\"valueName\":\"search_term_string\"}}],\"inLanguage\":\"en-US\"},{\"@type\":\"Organization\",\"@id\":\"https:\/\/tibiapedia.com\/en\/#organization\",\"name\":\"Tibiapedia\",\"url\":\"https:\/\/tibiapedia.com\/en\/\",\"logo\":{\"@type\":\"ImageObject\",\"inLanguage\":\"en-US\",\"@id\":\"https:\/\/tibiapedia.com\/en\/#\/schema\/logo\/image\/\",\"url\":\"https:\/\/tibiapedia.com\/wp-content\/uploads\/2021\/02\/logofinal-300x147-3.png\",\"contentUrl\":\"https:\/\/tibiapedia.com\/wp-content\/uploads\/2021\/02\/logofinal-300x147-3.png\",\"width\":300,\"height\":147,\"caption\":\"Tibiapedia\"},\"image\":{\"@id\":\"https:\/\/tibiapedia.com\/en\/#\/schema\/logo\/image\/\"},\"sameAs\":[\"https:\/\/www.facebook.com\/tibiapediafansite\/\"]}]}<\/script>\n<!-- \/ Yoast SEO plugin. -->","yoast_head_json":{"title":"Blessings Calculator - TibiaPedia","description":"Do you want to know how much blessings will cost you? Now with the new update, we have created a Blessings calculator, visit here.","robots":{"index":"index","follow":"follow","max-snippet":"max-snippet:-1","max-image-preview":"max-image-preview:large","max-video-preview":"max-video-preview:-1"},"canonical":"https:\/\/tibiapedia.com\/en\/blessings-calculator\/","schema":{"@context":"https:\/\/schema.org","@graph":[{"@type":"WebPage","@id":"https:\/\/tibiapedia.com\/en\/blessings-calculator\/","url":"https:\/\/tibiapedia.com\/en\/blessings-calculator\/","name":"Blessings Calculator - TibiaPedia","isPartOf":{"@id":"https:\/\/tibiapedia.com\/en\/#website"},"primaryImageOfPage":{"@id":"https:\/\/tibiapedia.com\/en\/blessings-calculator\/#primaryimage"},"image":{"@id":"https:\/\/tibiapedia.com\/en\/blessings-calculator\/#primaryimage"},"thumbnailUrl":"https:\/\/tibiapedia.com\/wp-content\/uploads\/2020\/01\/BANNER-PSD-LOFICOINS-MX-USA.png","datePublished":"2024-04-02T08:14:23+00:00","dateModified":"2024-04-02T08:14:26+00:00","description":"Do you want to know how much blessings will cost you? Now with the new update, we have created a Blessings calculator, visit here.","breadcrumb":{"@id":"https:\/\/tibiapedia.com\/en\/blessings-calculator\/#breadcrumb"},"inLanguage":"en-US","potentialAction":[{"@type":"ReadAction","target":["https:\/\/tibiapedia.com\/en\/blessings-calculator\/"]}]},{"@type":"ImageObject","inLanguage":"en-US","@id":"https:\/\/tibiapedia.com\/en\/blessings-calculator\/#primaryimage","url":"https:\/\/tibiapedia.com\/wp-content\/uploads\/2020\/01\/BANNER-PSD-LOFICOINS-MX-USA.png","contentUrl":"https:\/\/tibiapedia.com\/wp-content\/uploads\/2020\/01\/BANNER-PSD-LOFICOINS-MX-USA.png"},{"@type":"BreadcrumbList","@id":"https:\/\/tibiapedia.com\/en\/blessings-calculator\/#breadcrumb","itemListElement":[{"@type":"ListItem","position":1,"name":"Portada","item":"https:\/\/tibiapedia.com\/en\/"},{"@type":"ListItem","position":2,"name":"Blessings Calculator"}]},{"@type":"WebSite","@id":"https:\/\/tibiapedia.com\/en\/#website","url":"https:\/\/tibiapedia.com\/en\/","name":"TibiaPedia","description":"Fansite de Tibia en Espa\u00f1ol","publisher":{"@id":"https:\/\/tibiapedia.com\/en\/#organization"},"potentialAction":[{"@type":"SearchAction","target":{"@type":"EntryPoint","urlTemplate":"https:\/\/tibiapedia.com\/en\/?s={search_term_string}"},"query-input":{"@type":"PropertyValueSpecification","valueRequired":true,"valueName":"search_term_string"}}],"inLanguage":"en-US"},{"@type":"Organization","@id":"https:\/\/tibiapedia.com\/en\/#organization","name":"Tibiapedia","url":"https:\/\/tibiapedia.com\/en\/","logo":{"@type":"ImageObject","inLanguage":"en-US","@id":"https:\/\/tibiapedia.com\/en\/#\/schema\/logo\/image\/","url":"https:\/\/tibiapedia.com\/wp-content\/uploads\/2021\/02\/logofinal-300x147-3.png","contentUrl":"https:\/\/tibiapedia.com\/wp-content\/uploads\/2021\/02\/logofinal-300x147-3.png","width":300,"height":147,"caption":"Tibiapedia"},"image":{"@id":"https:\/\/tibiapedia.com\/en\/#\/schema\/logo\/image\/"},"sameAs":["https:\/\/www.facebook.com\/tibiapediafansite\/"]}]}},"_links":{"self":[{"href":"https:\/\/tibiapedia.com\/en\/wp-json\/wp\/v2\/pages\/26571","targetHints":{"allow":["GET"]}}],"collection":[{"href":"https:\/\/tibiapedia.com\/en\/wp-json\/wp\/v2\/pages"}],"about":[{"href":"https:\/\/tibiapedia.com\/en\/wp-json\/wp\/v2\/types\/page"}],"author":[{"embeddable":true,"href":"https:\/\/tibiapedia.com\/en\/wp-json\/wp\/v2\/users\/1"}],"replies":[{"embeddable":true,"href":"https:\/\/tibiapedia.com\/en\/wp-json\/wp\/v2\/comments?post=26571"}],"version-history":[{"count":0,"href":"https:\/\/tibiapedia.com\/en\/wp-json\/wp\/v2\/pages\/26571\/revisions"}],"wp:attachment":[{"href":"https:\/\/tibiapedia.com\/en\/wp-json\/wp\/v2\/media?parent=26571"}],"curies":[{"name":"wp","href":"https:\/\/api.w.org\/{rel}","templated":true}]}}